{"id":2304,"date":"2025-02-04T13:18:14","date_gmt":"2025-02-04T19:18:14","guid":{"rendered":"https:\/\/mh.koodehosting.com\/?page_id=2304"},"modified":"2025-04-28T17:28:30","modified_gmt":"2025-04-28T23:28:30","slug":"aviso-de-privacidad","status":"publish","type":"page","link":"https:\/\/www.muebleshuizar.com\/en\/aviso-de-privacidad\/","title":{"rendered":"Aviso de privacidad"},"content":{"rendered":"<p><strong>Aviso de privacidad<\/strong><\/p><p>El Aviso de Privacidad forma parte del uso del sitio web&nbsp;<a href=\"http:\/\/www.muebleshuizar.local\/\" rel=\"noreferrer noopener\" target=\"_blank\">www.muebleshuizar.com<\/a><\/p><p><strong>Responsable.<\/strong><\/p><p>En cumplimiento a la Ley Federal de Protecci\u00f3n de Datos Personales en Posesi\u00f3n de los Particulares, MUEBLES HUIZAR Y\/O RAFAEL LICEA HUIZAR le informa que MUEBLES HUIZAR es responsable de sus datos personales. El \u201cUsuario\u201d podr\u00e1 contactar a MUEBLES HUIZAR en cualquier momento a trav\u00e9s de nuestro correo electr\u00f3nico&nbsp;<a href=\"mailto:contacto@muebleshuizar.com\" rel=\"noreferrer noopener\" target=\"_blank\">contacto@muebleshuizar.com<\/a>&nbsp;o directamente en Manuel G\u00f3mez Mor\u00edn Norte #1826, Col. San Miguel de Huentitan, Guadalajara, Jalisco, M\u00e9xico, C.P. 44300 en los siguientes horarios: Lunes a Viernes de 9 am a 5:30 pm y los d\u00edas S\u00e1bado de 11 am a 2 pm, o bien comunicarse a trav\u00e9s del sistema de mensajer\u00eda Whatsapp: +521 (33) 2340 4176, o llamando al tel\u00e9fono +52 (33) 3168 1111. Protegemos y salvaguardamos sus datos personales para evitar el da\u00f1o, p\u00e9rdida, destrucci\u00f3n, robo, extrav\u00edo, alteraci\u00f3n, as\u00ed como el tratamiento no autorizado de sus datos personales.<\/p><p><strong>Datos personales.<\/strong><\/p><p>La informaci\u00f3n deber\u00e1 ser veraz y completa. El usuario responder\u00e1 en todo momento por los datos proporcionados y en ning\u00fan caso&nbsp;MUEBLES HUIZAR ser\u00e1 responsable de la veracidad de los mismos. La informaci\u00f3n solicitada al usuario en el sitio&nbsp;<a href=\"http:\/\/www.muebleshuizar.local\/\" rel=\"noreferrer noopener\" target=\"_blank\">www.muebleshuizar.com<\/a>&nbsp;es: \u2022 Nombre completo. \u2022 Mail. \u2022 Tel\u00e9fonos. Sus datos personales ser\u00e1n tratados con base a en los principios de licitud, consentimiento, informaci\u00f3n, calidad, finalidad, lealtad, proporcionalidad y responsabilidad en t\u00e9rminos de la Legislaci\u00f3n. Se mantendr\u00e1 la confidencialidad de sus datos personales estableciendo y manteniendo de forma efectiva las medidas de seguridad administrativas, t\u00e9cnicas y f\u00edsicas, para evitar su da\u00f1o, p\u00e9rdida, alteraci\u00f3n, destrucci\u00f3n, uso, acceso o divulgaci\u00f3n indebida.<\/p><p><strong>Qu\u00e9 son los cookies y c\u00f3mo se utilizan.<\/strong><\/p><p>Los cookies son peque\u00f1as piezas de informaci\u00f3n que son enviadas por el sitio Web a su navegador y se almacenan en el disco duro de su equipo y se utilizan para determinar sus preferencias cuando se conecta a los servicios de nuestros sitios, as\u00ed como para rastrear determinados comportamientos o actividades llevadas a cabo por usted dentro de nuestros sitios. En algunas secciones de nuestro sitio requerimos que el cliente tenga habilitados los cookies ya que algunas de las funcionalidades requieren de \u00e9stas para trabajar. Los cookies nos permiten: a) reconocerlo al momento de entrar a nuestros sitios y ofrecerle de una experiencia personalizada, b) conocer la configuraci\u00f3n personal del sitio especificada por usted, por ejemplo, los cookies nos permiten detectar el ancho de banda que usted ha seleccionado al momento de ingresar al home page de nuestros sitios, de tal forma que sabemos qu\u00e9 tipo de informaci\u00f3n es aconsejable descargar, c) calcular el tama\u00f1o de nuestra audiencia y medir algunos par\u00e1metros de tr\u00e1fico, pues cada navegador que obtiene acceso a nuestros sitios adquiere un cookie que se usa para determinar la frecuencia de uso y las secciones de los sitios visitadas, reflejando as\u00ed sus h\u00e1bitos y preferencias, informaci\u00f3n que nos es \u00fatil para mejorar el contenido, los titulares y las promociones para los usuarios. Los cookies tambi\u00e9n nos ayudan a rastrear algunas actividades, por ejemplo, en algunas de las encuestas que lanzamos en l\u00ednea, podemos utilizar cookies para detectar si el usuario ya ha llenado la encuesta y evitar desplegarla nuevamente, en caso de que lo haya hecho. Sin embargo, las cookies le permitir\u00e1n tomar ventaja de las caracter\u00edsticas m\u00e1s ben\u00e9ficas que le ofrecemos, por lo que le recomendamos que las deje activadas. La utilizaci\u00f3n de cookies no ser\u00e1 utilizada para identificar a los usuarios, con excepci\u00f3n de los casos en que se investiguen posibles actividades fraudulentas. En el caso de empleo de cookies, el bot\u00f3n de \u201cayuda\u201d que se encuentra en la barra de herramientas de la mayor\u00eda de los navegadores, le dir\u00e1 c\u00f3mo evitar aceptar nuevos cookies, c\u00f3mo hacer que el navegador le notifique cuando recibe un nuevo cookie o c\u00f3mo deshabilitar todos los cookies.<\/p><p><strong>Uso de la informaci\u00f3n.<\/strong><\/p><p>La informaci\u00f3n solicitada permite a MUEBLES HUIZAR contactar a los usuarios y potenciales clientes cuando sea necesario para completar los procedimientos de compra. Asimismo MUEBLES HUIZAR utilizar\u00e1 la informaci\u00f3n obtenida para: \u2022 Procurar un servicio eficiente \u2022 Informar sobre nuevos productos o servicios que est\u00e9n relacionados con el contratado o adquirido por el cliente \u2022 Dar cumplimiento a obligaciones contra\u00eddas con nuestros clientes \u2022 Informar sobre cambios de nuestros productos o servicios \u2022 Proveer una mejor atenci\u00f3n al usuario.<\/p><p><strong>Limitaci\u00f3n de uso y divulgaci\u00f3n de informaci\u00f3n.<\/strong><\/p><p>En nuestro programa de notificaci\u00f3n de promociones, ofertas y servicios a trav\u00e9s de correo electr\u00f3nico, s\u00f3lo MUEBLES HUIZAR tiene acceso a la informaci\u00f3n recabada. Este tipo de publicidad se realiza mediante avisos y mensajes promocionales de correo electr\u00f3nico, los cuales s\u00f3lo ser\u00e1n enviados a usted y a aquellos contactos registrados para tal prop\u00f3sito, esta indicaci\u00f3n podr\u00e1 usted modificarla en cualquier momento enviando un correo a&nbsp;<a href=\"mailto:contacto@muebleshuizar.com\" rel=\"noreferrer noopener\" target=\"_blank\">contacto@muebleshuizar.com<\/a>. En los correos electr\u00f3nicos enviados, pueden incluirse ocasionalmente ofertas de terceras partes que sean nuestros socios comerciales.<\/p><p><strong>Derechos ARCO (acceso, rectificaci\u00f3n, cancelaci\u00f3n y oposici\u00f3n).<\/strong><\/p><p>El \u00e1rea responsable del manejo y la administraci\u00f3n de los datos personales es: Servicio de Atenci\u00f3n al Cliente a quien puede contactar mediante el correo electr\u00f3nico&nbsp;<a href=\"mailto:contacto@muebleshuizar.com\" rel=\"noreferrer noopener\" target=\"_blank\">contacto@muebleshuizar.com<\/a>&nbsp;o directamente en Manuel G\u00f3mez Mor\u00edn Norte #1826, Col. San Miguel de Huentitan, Guadalajara, Jalisco, M\u00e9xico, C.P. 44300 en los siguientes horarios: Lunes a Viernes de 9 am a 5:30 pm y los d\u00edas S\u00e1bado de 11 am a 2 pm, , o bien comunicarse a trav\u00e9s del sistema de mensajer\u00eda Whatsapp: +521 (33) 2340 4176, o llamando al tel\u00e9fono +52 (33) 3168 1111.<\/p><p><strong>Para ejercer sus derechos arco y revocar el consentimiento otorgado.<\/strong><\/p><p>Como titular de datos personales, el \u201cUsuario\u201d podr\u00e1 ejercitar los derechos ARCO (acceso, cancelaci\u00f3n, rectificaci\u00f3n y oposici\u00f3n al tratamiento de sus datos personales), o bien, revocar el consentimiento que haya otorgado a MUEBLES HUIZAR, para el tratamiento de sus datos personales, enviando directamente su solicitud al \u00e1rea Servicio de Atenci\u00f3n al Cliente a trav\u00e9s de la cuenta de correo electr\u00f3nico&nbsp;<a href=\"mailto:contacto@muebleshuizar.com\" rel=\"noreferrer noopener\" target=\"_blank\">contacto@muebleshuizar.com<\/a>&nbsp;Dicha solicitud deber\u00e1 contener por lo menos: (a) nombre y domicilio u otro medio para comunicarle la respuesta a su solicitud; (b) los documentos que acrediten su identidad o, en su caso, la representaci\u00f3n legal; (c) la descripci\u00f3n clara y precisa de los datos personales respecto de los que se solicita ejercer alguno de los derechos ARCO, (d) la manifestaci\u00f3n expresa para revocar su consentimiento al tratamiento de sus datos personales y por tanto, para que no se usen; (d) cualquier otro elemento que facilite la localizaci\u00f3n de los datos personales. Su petici\u00f3n deber\u00e1 ir acompa\u00f1ada de los fundamentos por los que solicita dicha revocaci\u00f3n y una identificaci\u00f3n oficial del titular de los datos o de su apoderado. En un plazo m\u00e1ximo de 20 (veinte) d\u00edas h\u00e1biles atenderemos su solicitud y le informaremos sobre la procedencia de la misma a trav\u00e9s del correo electr\u00f3nico del que provenga la petici\u00f3n. MUEBLES HUIZAR solicita al usuario que actualice sus datos cada vez que \u00e9stos sufran alguna modificaci\u00f3n, ya que esto permitir\u00e1 brindarle un servicio eficiente y personalizado.<\/p><p><strong>Transferencias de informaci\u00f3n con terceros.<\/strong><\/p><p>MUEBLES HUIZAR \u00fanicamente realiza remisiones de datos para cumplir con las obligaciones contra\u00eddas con los clientes. MUEBLES HUIZAR solo compartir\u00e1 datos cuando haya sido requerido por orden judicial para cumplir con las disposiciones procesales.<\/p><p><strong>Protecci\u00f3n.<\/strong><\/p><p>MUEBLES HUIZAR implementar\u00e1 las herramientas necesarias para la protecci\u00f3n de la informaci\u00f3n del usuario. La informaci\u00f3n est\u00e1 asegurada por un n\u00famero de identificaci\u00f3n personal, al que solo el usuario podr\u00e1 acceder. Una vez recibidos los datos, haremos todo lo posible para salvaguardar su seguridad en nuestros sistemas.<\/p><p><strong>Cambios en el aviso de privacidad.<\/strong><\/p><p>Nos reservamos el derecho de efectuar en cualquier momento modificaciones o actualizaciones al presente aviso de privacidad, para la atenci\u00f3n de novedades legislativas o jurisprudenciales, pol\u00edticas internas, nuevos requerimientos para la prestaci\u00f3n u ofrecimiento de nuestros servicios o productos y pr\u00e1cticas del mercado. Estas modificaciones estar\u00e1n disponibles al p\u00fablico a trav\u00e9s de nuestra p\u00e1gina de Internet <a href=\"http:\/\/www.muebleshuizar.local\" rel=\"noreferrer noopener\" target=\"_blank\">www.muebleshuizar.com<\/a>, secci\u00f3n aviso de privacidad.<\/p><p><strong>Aceptaci\u00f3n de los t\u00e9rminos.<\/strong><\/p><p>Esta declaraci\u00f3n de Privacidad est\u00e1 sujeta a los t\u00e9rminos y condiciones del sitio web de MUEBLES HUIZAR antes descrito, lo cual constituye un acuerdo legal entre el usuario y MUEBLES HUIZAR. Si el usuario utiliza los servicios en cualquiera de los sitios de MUEBLES HUIZAR, significa que ha le\u00eddo, entendido y acordado los t\u00e9rminos antes expuestos.<\/p><p><strong>Autoridad.<\/strong><\/p><p>Si el usuario considera que han sido vulnerados sus derechos respecto de la protecci\u00f3n de datos personales, tiene el derecho de acudir a la autoridad correspondiente para defender su ejercicio. La autoridad es el Instituto Federal de Acceso a la Informaci\u00f3n y Protecci\u00f3n de Datos (IFAI), su sitio web es: <a href=\"http:\/\/www.ifai.mx\" rel=\"noreferrer noopener\" target=\"_blank\">www.ifai.mx<\/a>.<\/p><p><strong>Fecha de la \u00faltima actualizaci\u00f3n.<\/strong><\/p><p>Estimado usuario, se le notifica que el Aviso de Privacidad ha sido modificado el d\u00eda 16 de Agosto de 2018.<\/p>","protected":false},"excerpt":{"rendered":"<p>Aviso de privacidad El Aviso de Privacidad forma parte del uso del sitio web&nbsp;www.muebleshuizar.com Responsable. En cumplimiento a la Ley Federal de Protecci\u00f3n de Datos Personales en Posesi\u00f3n de los Particulares, MUEBLES HUIZAR Y\/O RAFAEL LICEA HUIZAR le informa que MUEBLES HUIZAR es responsable de sus datos personales. El \u201cUsuario\u201d podr\u00e1 contactar a MUEBLES HUIZAR [&hellip;]<\/p>","protected":false},"author":2,"featured_media":0,"parent":0,"menu_order":0,"comment_status":"closed","ping_status":"closed","template":"","meta":{"_acf_changed":false,"_mi_skip_tracking":false,"_monsterinsights_sitenote_active":false,"_monsterinsights_sitenote_note":"","_monsterinsights_sitenote_category":0,"footnotes":""},"class_list":["post-2304","page","type-page","status-publish","hentry"],"acf":[],"yoast_head":"<!-- This site is optimized with the Yoast SEO plugin v25.0 - https:\/\/yoast.com\/wordpress\/plugins\/seo\/ -->\n<title>Aviso de privacidad - Muebles Huizar 2025<\/title>\n<meta name=\"robots\" content=\"noindex, nofollow\" \/>\n<meta property=\"og:locale\" content=\"en_US\" \/>\n<meta property=\"og:type\" content=\"article\" \/>\n<meta property=\"og:title\" content=\"Aviso de privacidad - Muebles Huizar 2025\" \/>\n<meta property=\"og:description\" content=\"Aviso de privacidad El Aviso de Privacidad forma parte del uso del sitio web&nbsp;www.muebleshuizar.com Responsable. En cumplimiento a la Ley Federal de Protecci\u00f3n de Datos Personales en Posesi\u00f3n de los Particulares, MUEBLES HUIZAR Y\/O RAFAEL LICEA HUIZAR le informa que MUEBLES HUIZAR es responsable de sus datos personales. El \u201cUsuario\u201d podr\u00e1 contactar a MUEBLES HUIZAR [&hellip;]\" \/>\n<meta property=\"og:url\" content=\"https:\/\/www.muebleshuizar.com\/en\/aviso-de-privacidad\/\" \/>\n<meta property=\"og:site_name\" content=\"Muebles Huizar 2025\" \/>\n<meta property=\"article:modified_time\" content=\"2025-04-28T23:28:30+00:00\" \/>\n<meta name=\"twitter:card\" content=\"summary_large_image\" \/>\n<meta name=\"twitter:label1\" content=\"Est. reading time\" \/>\n\t<meta name=\"twitter:data1\" content=\"7 minutes\" \/>\n<script type=\"application\/ld+json\" class=\"yoast-schema-graph\">{\"@context\":\"https:\/\/schema.org\",\"@graph\":[{\"@type\":\"WebPage\",\"@id\":\"https:\/\/www.muebleshuizar.com\/aviso-de-privacidad\/\",\"url\":\"https:\/\/www.muebleshuizar.com\/aviso-de-privacidad\/\",\"name\":\"Aviso de privacidad - Muebles Huizar 2025\",\"isPartOf\":{\"@id\":\"https:\/\/www.muebleshuizar.com\/#website\"},\"datePublished\":\"2025-02-04T19:18:14+00:00\",\"dateModified\":\"2025-04-28T23:28:30+00:00\",\"breadcrumb\":{\"@id\":\"https:\/\/www.muebleshuizar.com\/aviso-de-privacidad\/#breadcrumb\"},\"inLanguage\":\"en-US\",\"potentialAction\":[{\"@type\":\"ReadAction\",\"target\":[\"https:\/\/www.muebleshuizar.com\/aviso-de-privacidad\/\"]}]},{\"@type\":\"BreadcrumbList\",\"@id\":\"https:\/\/www.muebleshuizar.com\/aviso-de-privacidad\/#breadcrumb\",\"itemListElement\":[{\"@type\":\"ListItem\",\"position\":1,\"name\":\"Home\",\"item\":\"https:\/\/www.muebleshuizar.com\/\"},{\"@type\":\"ListItem\",\"position\":2,\"name\":\"Aviso de privacidad\"}]},{\"@type\":\"WebSite\",\"@id\":\"https:\/\/www.muebleshuizar.com\/#website\",\"url\":\"https:\/\/www.muebleshuizar.com\/\",\"name\":\"Muebles Huizar\",\"description\":\"\",\"publisher\":{\"@id\":\"https:\/\/www.muebleshuizar.com\/#organization\"},\"potentialAction\":[{\"@type\":\"SearchAction\",\"target\":{\"@type\":\"EntryPoint\",\"urlTemplate\":\"https:\/\/www.muebleshuizar.com\/?s={search_term_string}\"},\"query-input\":{\"@type\":\"PropertyValueSpecification\",\"valueRequired\":true,\"valueName\":\"search_term_string\"}}],\"inLanguage\":\"en-US\"},{\"@type\":\"Organization\",\"@id\":\"https:\/\/www.muebleshuizar.com\/#organization\",\"name\":\"Muebles Huizar\",\"url\":\"https:\/\/www.muebleshuizar.com\/\",\"logo\":{\"@type\":\"ImageObject\",\"inLanguage\":\"en-US\",\"@id\":\"https:\/\/www.muebleshuizar.com\/#\/schema\/logo\/image\/\",\"url\":\"https:\/\/www.muebleshuizar.local\/wp-content\/uploads\/2025\/01\/LOGO.svg\",\"contentUrl\":\"https:\/\/www.muebleshuizar.local\/wp-content\/uploads\/2025\/01\/LOGO.svg\",\"width\":94,\"height\":83,\"caption\":\"Muebles Huizar\"},\"image\":{\"@id\":\"https:\/\/www.muebleshuizar.com\/#\/schema\/logo\/image\/\"}}]}<\/script>\n<!-- \/ Yoast SEO plugin. -->","yoast_head_json":{"title":"Aviso de privacidad - Muebles Huizar 2025","robots":{"index":"noindex","follow":"nofollow"},"og_locale":"en_US","og_type":"article","og_title":"Aviso de privacidad - Muebles Huizar 2025","og_description":"Aviso de privacidad El Aviso de Privacidad forma parte del uso del sitio web&nbsp;www.muebleshuizar.com Responsable. En cumplimiento a la Ley Federal de Protecci\u00f3n de Datos Personales en Posesi\u00f3n de los Particulares, MUEBLES HUIZAR Y\/O RAFAEL LICEA HUIZAR le informa que MUEBLES HUIZAR es responsable de sus datos personales. El \u201cUsuario\u201d podr\u00e1 contactar a MUEBLES HUIZAR [&hellip;]","og_url":"https:\/\/www.muebleshuizar.com\/en\/aviso-de-privacidad\/","og_site_name":"Muebles Huizar 2025","article_modified_time":"2025-04-28T23:28:30+00:00","twitter_card":"summary_large_image","twitter_misc":{"Est. reading time":"7 minutes"},"schema":{"@context":"https:\/\/schema.org","@graph":[{"@type":"WebPage","@id":"https:\/\/www.muebleshuizar.com\/aviso-de-privacidad\/","url":"https:\/\/www.muebleshuizar.com\/aviso-de-privacidad\/","name":"Aviso de privacidad - Muebles Huizar 2025","isPartOf":{"@id":"https:\/\/www.muebleshuizar.com\/#website"},"datePublished":"2025-02-04T19:18:14+00:00","dateModified":"2025-04-28T23:28:30+00:00","breadcrumb":{"@id":"https:\/\/www.muebleshuizar.com\/aviso-de-privacidad\/#breadcrumb"},"inLanguage":"en-US","potentialAction":[{"@type":"ReadAction","target":["https:\/\/www.muebleshuizar.com\/aviso-de-privacidad\/"]}]},{"@type":"BreadcrumbList","@id":"https:\/\/www.muebleshuizar.com\/aviso-de-privacidad\/#breadcrumb","itemListElement":[{"@type":"ListItem","position":1,"name":"Home","item":"https:\/\/www.muebleshuizar.com\/"},{"@type":"ListItem","position":2,"name":"Aviso de privacidad"}]},{"@type":"WebSite","@id":"https:\/\/www.muebleshuizar.com\/#website","url":"https:\/\/www.muebleshuizar.com\/","name":"Muebles Huizar","description":"","publisher":{"@id":"https:\/\/www.muebleshuizar.com\/#organization"},"potentialAction":[{"@type":"SearchAction","target":{"@type":"EntryPoint","urlTemplate":"https:\/\/www.muebleshuizar.com\/?s={search_term_string}"},"query-input":{"@type":"PropertyValueSpecification","valueRequired":true,"valueName":"search_term_string"}}],"inLanguage":"en-US"},{"@type":"Organization","@id":"https:\/\/www.muebleshuizar.com\/#organization","name":"Muebles Huizar","url":"https:\/\/www.muebleshuizar.com\/","logo":{"@type":"ImageObject","inLanguage":"en-US","@id":"https:\/\/www.muebleshuizar.com\/#\/schema\/logo\/image\/","url":"https:\/\/www.muebleshuizar.local\/wp-content\/uploads\/2025\/01\/LOGO.svg","contentUrl":"https:\/\/www.muebleshuizar.local\/wp-content\/uploads\/2025\/01\/LOGO.svg","width":94,"height":83,"caption":"Muebles Huizar"},"image":{"@id":"https:\/\/www.muebleshuizar.com\/#\/schema\/logo\/image\/"}}]}},"_links":{"self":[{"href":"https:\/\/www.muebleshuizar.com\/en\/wp-json\/wp\/v2\/pages\/2304","targetHints":{"allow":["GET"]}}],"collection":[{"href":"https:\/\/www.muebleshuizar.com\/en\/wp-json\/wp\/v2\/pages"}],"about":[{"href":"https:\/\/www.muebleshuizar.com\/en\/wp-json\/wp\/v2\/types\/page"}],"author":[{"embeddable":true,"href":"https:\/\/www.muebleshuizar.com\/en\/wp-json\/wp\/v2\/users\/2"}],"replies":[{"embeddable":true,"href":"https:\/\/www.muebleshuizar.com\/en\/wp-json\/wp\/v2\/comments?post=2304"}],"version-history":[{"count":2,"href":"https:\/\/www.muebleshuizar.com\/en\/wp-json\/wp\/v2\/pages\/2304\/revisions"}],"predecessor-version":[{"id":2624,"href":"https:\/\/www.muebleshuizar.com\/en\/wp-json\/wp\/v2\/pages\/2304\/revisions\/2624"}],"wp:attachment":[{"href":"https:\/\/www.muebleshuizar.com\/en\/wp-json\/wp\/v2\/media?parent=2304"}],"curies":[{"name":"wp","href":"https:\/\/api.w.org\/{rel}","templated":true}]}}